{"id":650,"date":"2024-02-19T08:42:48","date_gmt":"2024-02-19T08:42:48","guid":{"rendered":"https:\/\/gaelscoilshliabhrua.ie\/?page_id=650"},"modified":"2024-09-09T10:04:31","modified_gmt":"2024-09-09T10:04:31","slug":"muinteoir-fionnuala","status":"publish","type":"page","link":"https:\/\/gaelscoilshliabhrua.ie\/en\/an-fhoireann\/muinteoir-fionnuala\/","title":{"rendered":"M\u00fainteoir Fionnuala"},"content":{"rendered":"<div data-elementor-type=\"wp-page\" data-elementor-id=\"650\" class=\"elementor elementor-650\" data-elementor-post-type=\"page\">\n\t\t\t\t\t\t<section data-particle_enable=\"false\" data-particle-mobile-disabled=\"false\" class=\"elementor-section elementor-top-section elementor-element elementor-element-3d66a31 elementor-section-boxed elementor-section-height-default elementor-section-height-default\" data-id=\"3d66a31\" data-element_type=\"section\" data-e-type=\"section\" data-settings=\"{&quot;background_background&quot;:&quot;classic&quot;}\">\n\t\t\t\t\t\t<div class=\"elementor-container elementor-column-gap-default\">\n\t\t\t\t\t<div class=\"elementor-column elementor-col-100 elementor-top-column elementor-element elementor-element-d58dfd5\" data-id=\"d58dfd5\" data-element_type=\"column\" data-e-type=\"column\" data-settings=\"{&quot;background_background&quot;:&quot;classic&quot;}\">\n\t\t\t<div class=\"elementor-widget-wrap elementor-element-populated\">\n\t\t\t\t\t\t<div class=\"elementor-element elementor-element-7f1da12 elementor-widget elementor-widget-heading\" data-id=\"7f1da12\" data-element_type=\"widget\" data-e-type=\"widget\" data-widget_type=\"heading.default\">\n\t\t\t\t<div class=\"elementor-widget-container\">\n\t\t\t\t\t<h2 class=\"elementor-heading-title elementor-size-default\">Our Team<\/h2>\t\t\t\t<\/div>\n\t\t\t\t<\/div>\n\t\t\t\t<section data-particle_enable=\"false\" data-particle-mobile-disabled=\"false\" class=\"elementor-section elementor-inner-section elementor-element elementor-element-fac0f8a elementor-section-boxed elementor-section-height-default elementor-section-height-default\" data-id=\"fac0f8a\" data-element_type=\"section\" data-e-type=\"section\">\n\t\t\t\t\t\t<div class=\"elementor-container elementor-column-gap-default\">\n\t\t\t\t\t<div class=\"elementor-column elementor-col-50 elementor-inner-column elementor-element elementor-element-b25616c\" data-id=\"b25616c\" data-element_type=\"column\" data-e-type=\"column\">\n\t\t\t<div class=\"elementor-widget-wrap elementor-element-populated\">\n\t\t\t\t\t\t<div class=\"elementor-element elementor-element-d2e9fd3 elementor-widget elementor-widget-image\" data-id=\"d2e9fd3\" data-element_type=\"widget\" data-e-type=\"widget\" data-widget_type=\"image.default\">\n\t\t\t\t<div class=\"elementor-widget-container\">\n\t\t\t\t\t\t\t\t\t\t\t\t\t\t\t<img fetchpriority=\"high\" decoding=\"async\" width=\"600\" height=\"600\" src=\"https:\/\/gaelscoilshliabhrua.ie\/wp-content\/uploads\/2024\/02\/Fionnuala_CB.webp\" class=\"attachment-large size-large wp-image-379\" alt=\"\" srcset=\"https:\/\/gaelscoilshliabhrua.ie\/wp-content\/uploads\/2024\/02\/Fionnuala_CB.webp 600w, https:\/\/gaelscoilshliabhrua.ie\/wp-content\/uploads\/2024\/02\/Fionnuala_CB-300x300.webp 300w, https:\/\/gaelscoilshliabhrua.ie\/wp-content\/uploads\/2024\/02\/Fionnuala_CB-150x150.webp 150w\" sizes=\"(max-width: 600px) 100vw, 600px\" \/>\t\t\t\t\t\t\t\t\t\t\t\t\t\t\t<\/div>\n\t\t\t\t<\/div>\n\t\t\t\t\t<\/div>\n\t\t<\/div>\n\t\t\t\t<div class=\"elementor-column elementor-col-50 elementor-inner-column elementor-element elementor-element-fe52f13\" data-id=\"fe52f13\" data-element_type=\"column\" data-e-type=\"column\">\n\t\t\t<div class=\"elementor-widget-wrap elementor-element-populated\">\n\t\t\t\t\t\t<div class=\"elementor-element elementor-element-a604031 elementor-widget elementor-widget-text-editor\" data-id=\"a604031\" data-element_type=\"widget\" data-e-type=\"widget\" data-widget_type=\"text-editor.default\">\n\t\t\t\t<div class=\"elementor-widget-container\">\n\t\t\t\t\t\t\t\t\t<h2 class=\"wp-block-heading\">M\u00fainteoir Fionnuala<\/h2><h2 class=\"wp-block-heading\">AP2 (Assistant Principal 2)<\/h2><p>I\u2019ve been teaching in GSSR since 2016. I was an architect before training to be a teacher with Hibernia College. I attended all-Irish primary and secondary schools myself and it makes me happy to hear the children here learning and speaking Irish. I love to read, and I try to instill a love of reading in the children. I enjoy spending time outdoors with my class, learning about nature. In my free time I like baking, playing piano, going out walking and working in my garden.<\/p>\t\t\t\t\t\t\t\t<\/div>\n\t\t\t\t<\/div>\n\t\t\t\t<div class=\"elementor-element elementor-element-f662233 elementor-align-right elementor-widget elementor-widget-button\" data-id=\"f662233\" data-element_type=\"widget\" data-e-type=\"widget\" data-widget_type=\"button.default\">\n\t\t\t\t<div class=\"elementor-widget-container\">\n\t\t\t\t\t\t\t\t\t<div class=\"elementor-button-wrapper\">\n\t\t\t\t\t<a class=\"elementor-button elementor-button-link elementor-size-sm\" href=\"https:\/\/gaelscoilshliabhrua.ie\/en\/?page_id=87\">\n\t\t\t\t\t\t<span class=\"elementor-button-content-wrapper\">\n\t\t\t\t\t\t\t\t\t<span class=\"elementor-button-text\">&lt;&lt; Ar ais<\/span>\n\t\t\t\t\t<\/span>\n\t\t\t\t\t<\/a>\n\t\t\t\t<\/div>\n\t\t\t\t\t\t\t\t<\/div>\n\t\t\t\t<\/div>\n\t\t\t\t\t<\/div>\n\t\t<\/div>\n\t\t\t\t\t<\/div>\n\t\t<\/section>\n\t\t\t\t\t<\/div>\n\t\t<\/div>\n\t\t\t\t\t<\/div>\n\t\t<\/section>\n\t\t\t\t<\/div>","protected":false},"excerpt":{"rendered":"<p>An Fhoireann M\u00fainteoir Fionnuala PC2 (Pr\u00edomhoide C\u00fanta 2) T\u00e1im ag m\u00faineadh i nGSSR \u00f3 2016. B\u2019ailtire m\u00e9 sula ndearna m\u00e9 oili\u00fant mar mh\u00fainteoir le Chol\u00e1iste Hibernia. D\u2019fhreastal m\u00e9 ar bhunscoil agus ar mhe\u00e1nscoil l\u00e1n-Ghaelach m\u00e9 f\u00e9in, agus cuireann s\u00e9 \u00e1thas orm na p\u00e1ist\u00ed a chloiste\u00e1il ag foghlaim agus ag labhairt na Gaeilge anseo. Is aoibheann [&hellip;]<\/p>\n","protected":false},"author":1,"featured_media":0,"parent":87,"menu_order":0,"comment_status":"closed","ping_status":"closed","template":"","meta":{"footnotes":""},"class_list":["post-650","page","type-page","status-publish","hentry"],"_links":{"self":[{"href":"https:\/\/gaelscoilshliabhrua.ie\/en\/wp-json\/wp\/v2\/pages\/650","targetHints":{"allow":["GET"]}}],"collection":[{"href":"https:\/\/gaelscoilshliabhrua.ie\/en\/wp-json\/wp\/v2\/pages"}],"about":[{"href":"https:\/\/gaelscoilshliabhrua.ie\/en\/wp-json\/wp\/v2\/types\/page"}],"author":[{"embeddable":true,"href":"https:\/\/gaelscoilshliabhrua.ie\/en\/wp-json\/wp\/v2\/users\/1"}],"replies":[{"embeddable":true,"href":"https:\/\/gaelscoilshliabhrua.ie\/en\/wp-json\/wp\/v2\/comments?post=650"}],"version-history":[{"count":7,"href":"https:\/\/gaelscoilshliabhrua.ie\/en\/wp-json\/wp\/v2\/pages\/650\/revisions"}],"predecessor-version":[{"id":1323,"href":"https:\/\/gaelscoilshliabhrua.ie\/en\/wp-json\/wp\/v2\/pages\/650\/revisions\/1323"}],"up":[{"embeddable":true,"href":"https:\/\/gaelscoilshliabhrua.ie\/en\/wp-json\/wp\/v2\/pages\/87"}],"wp:attachment":[{"href":"https:\/\/gaelscoilshliabhrua.ie\/en\/wp-json\/wp\/v2\/media?parent=650"}],"curies":[{"name":"wp","href":"https:\/\/api.w.org\/{rel}","templated":true}]}}