{"id":648,"date":"2024-02-19T08:42:20","date_gmt":"2024-02-19T08:42:20","guid":{"rendered":"https:\/\/gaelscoilshliabhrua.ie\/?page_id=648"},"modified":"2024-09-09T10:05:38","modified_gmt":"2024-09-09T10:05:38","slug":"muinteoir-helen","status":"publish","type":"page","link":"https:\/\/gaelscoilshliabhrua.ie\/en\/an-fhoireann\/muinteoir-helen\/","title":{"rendered":"M\u00fainteoir Helen"},"content":{"rendered":"<div data-elementor-type=\"wp-page\" data-elementor-id=\"648\" class=\"elementor elementor-648\" data-elementor-post-type=\"page\">\n\t\t\t\t\t\t<section data-particle_enable=\"false\" data-particle-mobile-disabled=\"false\" class=\"elementor-section elementor-top-section elementor-element elementor-element-3d66a31 elementor-section-boxed elementor-section-height-default elementor-section-height-default\" data-id=\"3d66a31\" data-element_type=\"section\" data-e-type=\"section\" data-settings=\"{&quot;background_background&quot;:&quot;classic&quot;}\">\n\t\t\t\t\t\t<div class=\"elementor-container elementor-column-gap-default\">\n\t\t\t\t\t<div class=\"elementor-column elementor-col-100 elementor-top-column elementor-element elementor-element-d58dfd5\" data-id=\"d58dfd5\" data-element_type=\"column\" data-e-type=\"column\" data-settings=\"{&quot;background_background&quot;:&quot;classic&quot;}\">\n\t\t\t<div class=\"elementor-widget-wrap elementor-element-populated\">\n\t\t\t\t\t\t<div class=\"elementor-element elementor-element-7f1da12 elementor-widget elementor-widget-heading\" data-id=\"7f1da12\" data-element_type=\"widget\" data-e-type=\"widget\" data-widget_type=\"heading.default\">\n\t\t\t\t<div class=\"elementor-widget-container\">\n\t\t\t\t\t<h2 class=\"elementor-heading-title elementor-size-default\">Our Team<\/h2>\t\t\t\t<\/div>\n\t\t\t\t<\/div>\n\t\t\t\t<section data-particle_enable=\"false\" data-particle-mobile-disabled=\"false\" class=\"elementor-section elementor-inner-section elementor-element elementor-element-9f882c7 elementor-section-boxed elementor-section-height-default elementor-section-height-default\" data-id=\"9f882c7\" data-element_type=\"section\" data-e-type=\"section\">\n\t\t\t\t\t\t<div class=\"elementor-container elementor-column-gap-default\">\n\t\t\t\t\t<div class=\"elementor-column elementor-col-50 elementor-inner-column elementor-element elementor-element-e6c901f\" data-id=\"e6c901f\" data-element_type=\"column\" data-e-type=\"column\">\n\t\t\t<div class=\"elementor-widget-wrap elementor-element-populated\">\n\t\t\t\t\t\t<div class=\"elementor-element elementor-element-7c34ba0 elementor-widget elementor-widget-image\" data-id=\"7c34ba0\" data-element_type=\"widget\" data-e-type=\"widget\" data-widget_type=\"image.default\">\n\t\t\t\t<div class=\"elementor-widget-container\">\n\t\t\t\t\t\t\t\t\t\t\t\t\t\t\t<img fetchpriority=\"high\" decoding=\"async\" width=\"600\" height=\"600\" src=\"https:\/\/gaelscoilshliabhrua.ie\/wp-content\/uploads\/2024\/02\/Helen_CB.webp\" class=\"attachment-large size-large wp-image-378\" alt=\"\" srcset=\"https:\/\/gaelscoilshliabhrua.ie\/wp-content\/uploads\/2024\/02\/Helen_CB.webp 600w, https:\/\/gaelscoilshliabhrua.ie\/wp-content\/uploads\/2024\/02\/Helen_CB-300x300.webp 300w, https:\/\/gaelscoilshliabhrua.ie\/wp-content\/uploads\/2024\/02\/Helen_CB-150x150.webp 150w\" sizes=\"(max-width: 600px) 100vw, 600px\" \/>\t\t\t\t\t\t\t\t\t\t\t\t\t\t\t<\/div>\n\t\t\t\t<\/div>\n\t\t\t\t\t<\/div>\n\t\t<\/div>\n\t\t\t\t<div class=\"elementor-column elementor-col-50 elementor-inner-column elementor-element elementor-element-1fc7250\" data-id=\"1fc7250\" data-element_type=\"column\" data-e-type=\"column\">\n\t\t\t<div class=\"elementor-widget-wrap elementor-element-populated\">\n\t\t\t\t\t\t<div class=\"elementor-element elementor-element-df68cd7 elementor-widget elementor-widget-text-editor\" data-id=\"df68cd7\" data-element_type=\"widget\" data-e-type=\"widget\" data-widget_type=\"text-editor.default\">\n\t\t\t\t<div class=\"elementor-widget-container\">\n\t\t\t\t\t\t\t\t\t<h2 class=\"wp-block-heading\">M\u00fainteoir Helen<\/h2><h2 class=\"wp-block-heading\">Deputy Principal<\/h2><p>Hello, I\u2019m Helen. I come from Dublin. I have been teaching here since 2017 having previously spent 7 years teaching in Gaelscoil Chill Mhant\u00e1in.I completed the Postgraduate with Hibernia College in 2010. I recently completed another postgraduate course in School Leadership which has helped me so much in my role as Deputy Principal. I have a huge love for the Irish Language. I myself attended Irish language schools and I see the benefits afforded to children who learn through Irish. I love my job. We have a fantastic hard working team here in Sliabh Rua and the most fantastic children. I am delighted to be part of the growth and development of the school and look forward to seeing it go from strength to strength in the coming years.<\/p>\t\t\t\t\t\t\t\t<\/div>\n\t\t\t\t<\/div>\n\t\t\t\t<div class=\"elementor-element elementor-element-49b9daf elementor-align-right elementor-widget elementor-widget-button\" data-id=\"49b9daf\" data-element_type=\"widget\" data-e-type=\"widget\" data-widget_type=\"button.default\">\n\t\t\t\t<div class=\"elementor-widget-container\">\n\t\t\t\t\t\t\t\t\t<div class=\"elementor-button-wrapper\">\n\t\t\t\t\t<a class=\"elementor-button elementor-button-link elementor-size-sm\" href=\"https:\/\/gaelscoilshliabhrua.ie\/en\/?page_id=87\">\n\t\t\t\t\t\t<span class=\"elementor-button-content-wrapper\">\n\t\t\t\t\t\t\t\t\t<span class=\"elementor-button-text\">&lt;&lt; Ar ais<\/span>\n\t\t\t\t\t<\/span>\n\t\t\t\t\t<\/a>\n\t\t\t\t<\/div>\n\t\t\t\t\t\t\t\t<\/div>\n\t\t\t\t<\/div>\n\t\t\t\t\t<\/div>\n\t\t<\/div>\n\t\t\t\t\t<\/div>\n\t\t<\/section>\n\t\t\t\t\t<\/div>\n\t\t<\/div>\n\t\t\t\t\t<\/div>\n\t\t<\/section>\n\t\t\t\t<\/div>","protected":false},"excerpt":{"rendered":"<p>An Fhoireann M\u00fainteoir Helen Pr\u00edomhoide T\u00e1naiste Dia daoibh is mise Helen. Is as Baile \u00c1tha Cliath dom. T\u00e1im ag m\u00faineadh anseo \u00f3 2017 agus roimhe sin i nGaelscoil Chill Mhant\u00e1in ar feadh 7 mbliana. Ch\u00e1illigh m\u00e9 mar mh\u00fainteoir i 2010 tar \u00e9is an iarch\u00e9im a dh\u00e9anamh le Col\u00e1iste Hibernia. Le d\u00e9ana\u00ed chr\u00edochnaigh m\u00e9 iarch\u00e9im eile [&hellip;]<\/p>\n","protected":false},"author":1,"featured_media":0,"parent":87,"menu_order":0,"comment_status":"closed","ping_status":"closed","template":"","meta":{"footnotes":""},"class_list":["post-648","page","type-page","status-publish","hentry"],"_links":{"self":[{"href":"https:\/\/gaelscoilshliabhrua.ie\/en\/wp-json\/wp\/v2\/pages\/648","targetHints":{"allow":["GET"]}}],"collection":[{"href":"https:\/\/gaelscoilshliabhrua.ie\/en\/wp-json\/wp\/v2\/pages"}],"about":[{"href":"https:\/\/gaelscoilshliabhrua.ie\/en\/wp-json\/wp\/v2\/types\/page"}],"author":[{"embeddable":true,"href":"https:\/\/gaelscoilshliabhrua.ie\/en\/wp-json\/wp\/v2\/users\/1"}],"replies":[{"embeddable":true,"href":"https:\/\/gaelscoilshliabhrua.ie\/en\/wp-json\/wp\/v2\/comments?post=648"}],"version-history":[{"count":7,"href":"https:\/\/gaelscoilshliabhrua.ie\/en\/wp-json\/wp\/v2\/pages\/648\/revisions"}],"predecessor-version":[{"id":1329,"href":"https:\/\/gaelscoilshliabhrua.ie\/en\/wp-json\/wp\/v2\/pages\/648\/revisions\/1329"}],"up":[{"embeddable":true,"href":"https:\/\/gaelscoilshliabhrua.ie\/en\/wp-json\/wp\/v2\/pages\/87"}],"wp:attachment":[{"href":"https:\/\/gaelscoilshliabhrua.ie\/en\/wp-json\/wp\/v2\/media?parent=648"}],"curies":[{"name":"wp","href":"https:\/\/api.w.org\/{rel}","templated":true}]}}