{"id":34,"date":"2024-01-13T20:54:31","date_gmt":"2024-01-13T20:54:31","guid":{"rendered":"https:\/\/gaelscoilshliabhrua.ie\/?page_id=34"},"modified":"2025-08-10T11:15:29","modified_gmt":"2025-08-10T11:15:29","slug":"feilire-scoile","status":"publish","type":"page","link":"https:\/\/gaelscoilshliabhrua.ie\/en\/feilire-scoile\/","title":{"rendered":"School Calendar"},"content":{"rendered":"<div data-elementor-type=\"wp-page\" data-elementor-id=\"34\" class=\"elementor elementor-34\" data-elementor-post-type=\"page\">\n\t\t\t\t\t\t<section data-particle_enable=\"false\" data-particle-mobile-disabled=\"false\" class=\"elementor-section elementor-top-section elementor-element elementor-element-2bba9f8 elementor-section-boxed elementor-section-height-default elementor-section-height-default\" data-id=\"2bba9f8\" data-element_type=\"section\" data-e-type=\"section\" data-settings=\"{&quot;background_background&quot;:&quot;classic&quot;}\">\n\t\t\t\t\t\t<div class=\"elementor-container elementor-column-gap-default\">\n\t\t\t\t\t<div class=\"elementor-column elementor-col-50 elementor-top-column elementor-element elementor-element-63c5b38\" data-id=\"63c5b38\" data-element_type=\"column\" data-e-type=\"column\" data-settings=\"{&quot;background_background&quot;:&quot;classic&quot;}\">\n\t\t\t<div class=\"elementor-widget-wrap elementor-element-populated\">\n\t\t\t\t\t\t<div class=\"elementor-element elementor-element-17b5c2b elementor-widget elementor-widget-heading\" data-id=\"17b5c2b\" data-element_type=\"widget\" data-e-type=\"widget\" data-widget_type=\"heading.default\">\n\t\t\t\t<div class=\"elementor-widget-container\">\n\t\t\t\t\t<h2 class=\"elementor-heading-title elementor-size-default\">School Calendar<\/h2>\t\t\t\t<\/div>\n\t\t\t\t<\/div>\n\t\t\t\t<div class=\"elementor-element elementor-element-a139e0e elementor-widget elementor-widget-text-editor\" data-id=\"a139e0e\" data-element_type=\"widget\" data-e-type=\"widget\" data-widget_type=\"text-editor.default\">\n\t\t\t\t<div class=\"elementor-widget-container\">\n\t\t\t\t\t\t\t\t\t<p>Please click on below google calendar for details of events during school year.<\/p><h4><a href=\"https:\/\/calendar.google.com\/calendar\/embed?src=gaelscoilshliabhrua.ie_hb240tm584res42hdjnfkf0v9s%40group.calendar.google.com&amp;ctz=Europe%2FDublin\" target=\"_blank\" rel=\"noopener\">School Calendar<\/a><\/h4><figure><\/figure><figure><p><b>Scoilbhliain 2025\/2026<\/b><\/p><table><tbody><tr><td><p><span style=\"font-weight: 400;\">28\/08\/2025<\/span><\/p><\/td><td><p><span style=\"font-weight: 400;\">C\u00e9ad l\u00e1 ar Scoil (First day in School)<\/span><\/p><\/td><\/tr><tr><td><p><span style=\"font-weight: 400;\">27\/10\/2025 \u2013 31\/10\/2025<\/span><\/p><\/td><td><p><span style=\"font-weight: 400;\">Briseadh Me\u00e1n T\u00e9arma (Mid-Term Break- School Closed)<\/span><\/p><\/td><\/tr><tr><td><p><span style=\"font-weight: 400;\">19\/12\/2025<\/span><\/p><\/td><td><p><span style=\"font-weight: 400;\">Saoire na Nollag (Last day in school before Christmas Holidays)<\/span><\/p><\/td><\/tr><tr><td><p><span style=\"font-weight: 400;\">22\/12\/2025 \u2013 02\/01\/2026<\/span><\/p><\/td><td><p><span style=\"font-weight: 400;\">Saoire na Nollag (Christmas Holidays- School Closed)<\/span><\/p><\/td><\/tr><tr><td><p><span style=\"font-weight: 400;\">02\/02\/2026<\/span><\/p><p><span style=\"font-weight: 400;\">&amp;<\/span><\/p><p><span style=\"font-weight: 400;\">03\/02\/2026<\/span><\/p><\/td><td><p><span style=\"font-weight: 400;\">Saoire Bainc \u2013 Scoil Dunta (Bank Holiday \u2013 School Closed)<\/span><\/p><\/td><\/tr><tr><td><p><span style=\"font-weight: 400;\">19\/02\/2026<\/span><\/p><p><span style=\"font-weight: 400;\"> &amp;<\/span><\/p><p><span style=\"font-weight: 400;\"> 20\/02\/2026<\/span><\/p><\/td><td><p><span style=\"font-weight: 400;\">Briseadh Me\u00e1n T\u00e9arma (Mid-Term Break &#8211; School Closed)<\/span><\/p><\/td><\/tr><tr><td><p><span style=\"font-weight: 400;\">16\/03\/2026<\/span><\/p><p><span style=\"font-weight: 400;\"> &amp;<\/span><\/p><p><span style=\"font-weight: 400;\">17\/03\/2026<\/span><\/p><\/td><td><p><span style=\"font-weight: 400;\">L\u00e1 Fh\u00e9ile P\u00e1draig \u2013 Scoil d\u00fanta (St Patrick\u2019s Day \u2013 School Closed)<\/span><\/p><\/td><\/tr><tr><td>\u00a0<\/td><td>\u00a0<\/td><\/tr><tr><td><p><span style=\"font-weight: 400;\">27\/03\/2026<\/span><\/p><\/td><td><p><span style=\"font-weight: 400;\">Saoire na C\u00e1sca (Last day in school before Easter Holidays)<\/span><\/p><\/td><\/tr><tr><td><p><span style=\"font-weight: 400;\">30\/03\/2026 \u2013 10\/04\/2026<\/span><\/p><\/td><td><p><span style=\"font-weight: 400;\">Saoire na C\u00e1sca (Easter break- School Closed)<\/span><\/p><\/td><\/tr><tr><td><p><span style=\"font-weight: 400;\">04\/05\/2026<\/span><\/p><p><span style=\"font-weight: 400;\">&#8211;<\/span><\/p><p><span style=\"font-weight: 400;\">08\/05\/2026\u00a0\u00a0<\/span><\/p><\/td><td><p><span style=\"font-weight: 400;\">Saoire Bainc m\u00ed Bealtaine- Scoil d\u00fanta (May Bank Holiday \u2013 School Closed)<\/span><\/p><\/td><\/tr><tr><td><p><span style=\"font-weight: 400;\">01\/06\/2026<\/span><\/p><p>\u00a0<\/p><\/td><td><p><span style=\"font-weight: 400;\">Saoire Bainc m\u00ed an Mheithimh \u2013 Scoil d\u00fanta (June Bank Holiday \u2013 School Closed)<\/span><\/p><\/td><\/tr><tr><td><p><span style=\"font-weight: 400;\">30\/06\/2026<\/span><\/p><\/td><td><p><span style=\"font-weight: 400;\">Saoire an tSamhraidh \u2013 (Summer Holidays)<\/span><\/p><\/td><\/tr><\/tbody><\/table><\/figure>\t\t\t\t\t\t\t\t<\/div>\n\t\t\t\t<\/div>\n\t\t\t\t\t<\/div>\n\t\t<\/div>\n\t\t\t\t<div class=\"elementor-column elementor-col-50 elementor-top-column elementor-element elementor-element-9a338bd\" data-id=\"9a338bd\" data-element_type=\"column\" data-e-type=\"column\">\n\t\t\t<div class=\"elementor-widget-wrap elementor-element-populated\">\n\t\t\t\t\t\t<div class=\"elementor-element elementor-element-1a0d33c elementor-widget elementor-widget-shortcode\" data-id=\"1a0d33c\" data-element_type=\"widget\" data-e-type=\"widget\" data-widget_type=\"shortcode.default\">\n\t\t\t\t<div class=\"elementor-widget-container\">\n\t\t\t\t\t\t\t<div class=\"elementor-shortcode\"><script src=\"https:\/\/static.elfsight.com\/platform\/platform.js\" data-use-service-core defer><\/script>\n<div class=\"elfsight-app-8ea44cc2-d591-4430-bbe4-82c100e3da0f\" data-elfsight-app-lazy><\/div><\/div>\n\t\t\t\t\t\t<\/div>\n\t\t\t\t<\/div>\n\t\t\t\t<div class=\"elementor-element elementor-element-2f5c295 elementor-widget elementor-widget-heading\" data-id=\"2f5c295\" data-element_type=\"widget\" data-e-type=\"widget\" data-widget_type=\"heading.default\">\n\t\t\t\t<div class=\"elementor-widget-container\">\n\t\t\t\t\t<h2 class=\"elementor-heading-title elementor-size-default\"> <\/h2>\t\t\t\t<\/div>\n\t\t\t\t<\/div>\n\t\t\t\t\t<\/div>\n\t\t<\/div>\n\t\t\t\t\t<\/div>\n\t\t<\/section>\n\t\t\t\t<\/div>","protected":false},"excerpt":{"rendered":"<p>F\u00e9ilire Scoile Br\u00fa ar an nasc Goolge Calendar th\u00edos le haghaidh sonra\u00ed ar imeachta\u00ed scoile i mbliana. F\u00e9ilire Scoile Scoilbhliain 2025\/2026 28\/08\/2025 C\u00e9ad l\u00e1 ar Scoil (First day in School) 27\/10\/2025 \u2013 31\/10\/2025 Briseadh Me\u00e1n T\u00e9arma (Mid-Term Break- School Closed) 19\/12\/2025 Saoire na Nollag (Last day in school before Christmas Holidays) 22\/12\/2025 \u2013 02\/01\/2026 Saoire [&hellip;]<\/p>\n","protected":false},"author":1,"featured_media":0,"parent":0,"menu_order":0,"comment_status":"closed","ping_status":"closed","template":"","meta":{"footnotes":""},"class_list":["post-34","page","type-page","status-publish","hentry"],"_links":{"self":[{"href":"https:\/\/gaelscoilshliabhrua.ie\/en\/wp-json\/wp\/v2\/pages\/34","targetHints":{"allow":["GET"]}}],"collection":[{"href":"https:\/\/gaelscoilshliabhrua.ie\/en\/wp-json\/wp\/v2\/pages"}],"about":[{"href":"https:\/\/gaelscoilshliabhrua.ie\/en\/wp-json\/wp\/v2\/types\/page"}],"author":[{"embeddable":true,"href":"https:\/\/gaelscoilshliabhrua.ie\/en\/wp-json\/wp\/v2\/users\/1"}],"replies":[{"embeddable":true,"href":"https:\/\/gaelscoilshliabhrua.ie\/en\/wp-json\/wp\/v2\/comments?post=34"}],"version-history":[{"count":37,"href":"https:\/\/gaelscoilshliabhrua.ie\/en\/wp-json\/wp\/v2\/pages\/34\/revisions"}],"predecessor-version":[{"id":1801,"href":"https:\/\/gaelscoilshliabhrua.ie\/en\/wp-json\/wp\/v2\/pages\/34\/revisions\/1801"}],"wp:attachment":[{"href":"https:\/\/gaelscoilshliabhrua.ie\/en\/wp-json\/wp\/v2\/media?parent=34"}],"curies":[{"name":"wp","href":"https:\/\/api.w.org\/{rel}","templated":true}]}}