{"id":224,"date":"2024-02-12T19:30:37","date_gmt":"2024-02-12T19:30:37","guid":{"rendered":"https:\/\/gaelscoilshliabhrua.ie\/?page_id=224"},"modified":"2024-02-18T20:25:31","modified_gmt":"2024-02-18T20:25:31","slug":"comhairle-na-ndaltai","status":"publish","type":"page","link":"https:\/\/gaelscoilshliabhrua.ie\/en\/comhairle-na-ndaltai\/","title":{"rendered":"Student Council"},"content":{"rendered":"<div data-elementor-type=\"wp-page\" data-elementor-id=\"224\" class=\"elementor elementor-224\" data-elementor-post-type=\"page\">\n\t\t\t\t\t\t<section data-particle_enable=\"false\" data-particle-mobile-disabled=\"false\" class=\"elementor-section elementor-top-section elementor-element elementor-element-1b9948e elementor-section-boxed elementor-section-height-default elementor-section-height-default\" data-id=\"1b9948e\" data-element_type=\"section\" data-e-type=\"section\" data-settings=\"{&quot;background_background&quot;:&quot;classic&quot;}\">\n\t\t\t\t\t\t<div class=\"elementor-container elementor-column-gap-default\">\n\t\t\t\t\t<div class=\"elementor-column elementor-col-50 elementor-top-column elementor-element elementor-element-ddb0c74\" data-id=\"ddb0c74\" data-element_type=\"column\" data-e-type=\"column\" data-settings=\"{&quot;background_background&quot;:&quot;classic&quot;}\">\n\t\t\t<div class=\"elementor-widget-wrap elementor-element-populated\">\n\t\t\t\t\t\t<div class=\"elementor-element elementor-element-680cef5 elementor-widget elementor-widget-heading\" data-id=\"680cef5\" data-element_type=\"widget\" data-e-type=\"widget\" data-widget_type=\"heading.default\">\n\t\t\t\t<div class=\"elementor-widget-container\">\n\t\t\t\t\t<h2 class=\"elementor-heading-title elementor-size-default\">Student Council<\/h2>\t\t\t\t<\/div>\n\t\t\t\t<\/div>\n\t\t\t\t<div class=\"elementor-element elementor-element-6c8251f elementor-widget elementor-widget-text-editor\" data-id=\"6c8251f\" data-element_type=\"widget\" data-e-type=\"widget\" data-widget_type=\"text-editor.default\">\n\t\t\t\t<div class=\"elementor-widget-container\">\n\t\t\t\t\t\t\t\t\t<p>We strongly believe in the importance of involving our student body in school activities outside the classroom.<\/p><p>Our Student Council regularly meets with 5th and 6th Class teachers to discuss student ideas. Recently, they have been working on new school yard games. They have taught the younger children how to play these games. Now all classes play these games happily during lunch time.<\/p><p><img fetchpriority=\"high\" decoding=\"async\" class=\"alignnone size-large wp-image-406\" src=\"https:\/\/gaelscoilshliabhrua.ie\/wp-content\/uploads\/2024\/02\/Blue-Playful-Illustrated-Boy-Birthday-Party-Invitation-732x1024.png\" alt=\"\" width=\"732\" height=\"1024\" srcset=\"https:\/\/gaelscoilshliabhrua.ie\/wp-content\/uploads\/2024\/02\/Blue-Playful-Illustrated-Boy-Birthday-Party-Invitation-732x1024.png 732w, https:\/\/gaelscoilshliabhrua.ie\/wp-content\/uploads\/2024\/02\/Blue-Playful-Illustrated-Boy-Birthday-Party-Invitation-214x300.png 214w, https:\/\/gaelscoilshliabhrua.ie\/wp-content\/uploads\/2024\/02\/Blue-Playful-Illustrated-Boy-Birthday-Party-Invitation-768x1075.png 768w, https:\/\/gaelscoilshliabhrua.ie\/wp-content\/uploads\/2024\/02\/Blue-Playful-Illustrated-Boy-Birthday-Party-Invitation-1097x1536.png 1097w, https:\/\/gaelscoilshliabhrua.ie\/wp-content\/uploads\/2024\/02\/Blue-Playful-Illustrated-Boy-Birthday-Party-Invitation.png 1429w\" sizes=\"(max-width: 732px) 100vw, 732px\" \/><\/p>\t\t\t\t\t\t\t\t<\/div>\n\t\t\t\t<\/div>\n\t\t\t\t\t<\/div>\n\t\t<\/div>\n\t\t\t\t<div class=\"elementor-column elementor-col-50 elementor-top-column elementor-element elementor-element-c7a7c77\" data-id=\"c7a7c77\" data-element_type=\"column\" data-e-type=\"column\">\n\t\t\t<div class=\"elementor-widget-wrap elementor-element-populated\">\n\t\t\t\t\t\t<div class=\"elementor-element elementor-element-6d8e9f7 elementor-widget elementor-widget-shortcode\" data-id=\"6d8e9f7\" data-element_type=\"widget\" data-e-type=\"widget\" data-widget_type=\"shortcode.default\">\n\t\t\t\t<div class=\"elementor-widget-container\">\n\t\t\t\t\t\t\t<div class=\"elementor-shortcode\"><script src=\"https:\/\/static.elfsight.com\/platform\/platform.js\" data-use-service-core defer><\/script>\n<div class=\"elfsight-app-8ea44cc2-d591-4430-bbe4-82c100e3da0f\" data-elfsight-app-lazy><\/div><\/div>\n\t\t\t\t\t\t<\/div>\n\t\t\t\t<\/div>\n\t\t\t\t<div class=\"elementor-element elementor-element-a19f781 elementor-widget elementor-widget-heading\" data-id=\"a19f781\" data-element_type=\"widget\" data-e-type=\"widget\" data-widget_type=\"heading.default\">\n\t\t\t\t<div class=\"elementor-widget-container\">\n\t\t\t\t\t<h2 class=\"elementor-heading-title elementor-size-default\"> <\/h2>\t\t\t\t<\/div>\n\t\t\t\t<\/div>\n\t\t\t\t\t<\/div>\n\t\t<\/div>\n\t\t\t\t\t<\/div>\n\t\t<\/section>\n\t\t\t\t<\/div>","protected":false},"excerpt":{"rendered":"<p>Comhairle na nDalta\u00ed Creidimid go l\u00e1idir sa t\u00e1bhacht a baineann le dalta\u00ed na scoile a bheith ioml\u00e1n p\u00e1irteach i saol na scoile taobh amuigh den seomra ranga f\u00e9in. B\u00edonn cruinni\u00fa ag an gComhairle le m\u00fainteoir\u00ed Rang a 5 agus a 6 agus cuireann siad tuairim\u00ed na ndalta\u00ed chun cinn. Le d\u00e9ana\u00ed, chum siad cluich\u00ed chl\u00f3s [&hellip;]<\/p>\n","protected":false},"author":1,"featured_media":0,"parent":0,"menu_order":0,"comment_status":"closed","ping_status":"closed","template":"","meta":{"footnotes":""},"class_list":["post-224","page","type-page","status-publish","hentry"],"_links":{"self":[{"href":"https:\/\/gaelscoilshliabhrua.ie\/en\/wp-json\/wp\/v2\/pages\/224","targetHints":{"allow":["GET"]}}],"collection":[{"href":"https:\/\/gaelscoilshliabhrua.ie\/en\/wp-json\/wp\/v2\/pages"}],"about":[{"href":"https:\/\/gaelscoilshliabhrua.ie\/en\/wp-json\/wp\/v2\/types\/page"}],"author":[{"embeddable":true,"href":"https:\/\/gaelscoilshliabhrua.ie\/en\/wp-json\/wp\/v2\/users\/1"}],"replies":[{"embeddable":true,"href":"https:\/\/gaelscoilshliabhrua.ie\/en\/wp-json\/wp\/v2\/comments?post=224"}],"version-history":[{"count":17,"href":"https:\/\/gaelscoilshliabhrua.ie\/en\/wp-json\/wp\/v2\/pages\/224\/revisions"}],"predecessor-version":[{"id":582,"href":"https:\/\/gaelscoilshliabhrua.ie\/en\/wp-json\/wp\/v2\/pages\/224\/revisions\/582"}],"wp:attachment":[{"href":"https:\/\/gaelscoilshliabhrua.ie\/en\/wp-json\/wp\/v2\/media?parent=224"}],"curies":[{"name":"wp","href":"https:\/\/api.w.org\/{rel}","templated":true}]}}