{"id":207,"date":"2024-02-12T19:27:18","date_gmt":"2024-02-12T19:27:18","guid":{"rendered":"https:\/\/gaelscoilshliabhrua.ie\/?page_id=207"},"modified":"2024-02-18T20:16:38","modified_gmt":"2024-02-18T20:16:38","slug":"gaeilge-sa-scoil","status":"publish","type":"page","link":"https:\/\/gaelscoilshliabhrua.ie\/en\/gaeilge-sa-scoil\/","title":{"rendered":"Irish in our School"},"content":{"rendered":"<div data-elementor-type=\"wp-page\" data-elementor-id=\"207\" class=\"elementor elementor-207\" data-elementor-post-type=\"page\">\n\t\t\t\t\t\t<section data-particle_enable=\"false\" data-particle-mobile-disabled=\"false\" class=\"elementor-section elementor-top-section elementor-element elementor-element-ac2322e elementor-section-boxed elementor-section-height-default elementor-section-height-default\" data-id=\"ac2322e\" data-element_type=\"section\" data-e-type=\"section\" data-settings=\"{&quot;background_background&quot;:&quot;classic&quot;}\">\n\t\t\t\t\t\t<div class=\"elementor-container elementor-column-gap-default\">\n\t\t\t\t\t<div class=\"elementor-column elementor-col-50 elementor-top-column elementor-element elementor-element-5391716\" data-id=\"5391716\" data-element_type=\"column\" data-e-type=\"column\" data-settings=\"{&quot;background_background&quot;:&quot;classic&quot;}\">\n\t\t\t<div class=\"elementor-widget-wrap elementor-element-populated\">\n\t\t\t\t\t\t<div class=\"elementor-element elementor-element-d384f6a elementor-widget elementor-widget-heading\" data-id=\"d384f6a\" data-element_type=\"widget\" data-e-type=\"widget\" data-widget_type=\"heading.default\">\n\t\t\t\t<div class=\"elementor-widget-container\">\n\t\t\t\t\t<h2 class=\"elementor-heading-title elementor-size-default\">Irish in our School<\/h2>\t\t\t\t<\/div>\n\t\t\t\t<\/div>\n\t\t\t\t<div class=\"elementor-element elementor-element-6c8251f elementor-widget elementor-widget-text-editor\" data-id=\"6c8251f\" data-element_type=\"widget\" data-e-type=\"widget\" data-widget_type=\"text-editor.default\">\n\t\t\t\t<div class=\"elementor-widget-container\">\n\t\t\t\t\t\t\t\t\t<p>Irish is the spoken language of our school and every subject with the exception of English is taught through Irish. Children learn the language gradually from the first day of school. We cover the same curriculum as English speaking schools. We ask that parents \/ guardians and all those who visit our school, support us by using their c\u00fapla focal.<\/p>\t\t\t\t\t\t\t\t<\/div>\n\t\t\t\t<\/div>\n\t\t\t\t\t<\/div>\n\t\t<\/div>\n\t\t\t\t<div class=\"elementor-column elementor-col-50 elementor-top-column elementor-element elementor-element-0e69710\" data-id=\"0e69710\" data-element_type=\"column\" data-e-type=\"column\">\n\t\t\t<div class=\"elementor-widget-wrap elementor-element-populated\">\n\t\t\t\t\t\t<div class=\"elementor-element elementor-element-206e263 elementor-widget elementor-widget-shortcode\" data-id=\"206e263\" data-element_type=\"widget\" data-e-type=\"widget\" data-widget_type=\"shortcode.default\">\n\t\t\t\t<div class=\"elementor-widget-container\">\n\t\t\t\t\t\t\t<div class=\"elementor-shortcode\"><script src=\"https:\/\/static.elfsight.com\/platform\/platform.js\" data-use-service-core defer><\/script>\n<div class=\"elfsight-app-8ea44cc2-d591-4430-bbe4-82c100e3da0f\" data-elfsight-app-lazy><\/div><\/div>\n\t\t\t\t\t\t<\/div>\n\t\t\t\t<\/div>\n\t\t\t\t<div class=\"elementor-element elementor-element-f9b297a elementor-widget elementor-widget-heading\" data-id=\"f9b297a\" data-element_type=\"widget\" data-e-type=\"widget\" data-widget_type=\"heading.default\">\n\t\t\t\t<div class=\"elementor-widget-container\">\n\t\t\t\t\t<h2 class=\"elementor-heading-title elementor-size-default\"> <\/h2>\t\t\t\t<\/div>\n\t\t\t\t<\/div>\n\t\t\t\t\t<\/div>\n\t\t<\/div>\n\t\t\t\t\t<\/div>\n\t\t<\/section>\n\t\t\t\t<\/div>","protected":false},"excerpt":{"rendered":"<p>Gaeilge sa Scoil S\u00ed an Ghaeilge gn\u00e1th-theanga laeth\u00fail na scoile agus m\u00faintear gach \u00e1bhar, seachas an B\u00e9arla tr\u00ed mhe\u00e1n na Gaeilge. Foghlaim\u00edonn na p\u00e1ist\u00ed an teanga go n\u00e1d\u00fartha sna blianta tosaigh ar scoil. Cl\u00fada\u00edonn an scoil an curaclam c\u00e9anna is at\u00e1 ag gach scoil. Iarrtar ar thuismitheoir\u00ed agus gach \u00e9inne a thagann ag an scoil [&hellip;]<\/p>\n","protected":false},"author":1,"featured_media":0,"parent":0,"menu_order":0,"comment_status":"closed","ping_status":"closed","template":"","meta":{"footnotes":""},"class_list":["post-207","page","type-page","status-publish","hentry"],"_links":{"self":[{"href":"https:\/\/gaelscoilshliabhrua.ie\/en\/wp-json\/wp\/v2\/pages\/207","targetHints":{"allow":["GET"]}}],"collection":[{"href":"https:\/\/gaelscoilshliabhrua.ie\/en\/wp-json\/wp\/v2\/pages"}],"about":[{"href":"https:\/\/gaelscoilshliabhrua.ie\/en\/wp-json\/wp\/v2\/types\/page"}],"author":[{"embeddable":true,"href":"https:\/\/gaelscoilshliabhrua.ie\/en\/wp-json\/wp\/v2\/users\/1"}],"replies":[{"embeddable":true,"href":"https:\/\/gaelscoilshliabhrua.ie\/en\/wp-json\/wp\/v2\/comments?post=207"}],"version-history":[{"count":11,"href":"https:\/\/gaelscoilshliabhrua.ie\/en\/wp-json\/wp\/v2\/pages\/207\/revisions"}],"predecessor-version":[{"id":559,"href":"https:\/\/gaelscoilshliabhrua.ie\/en\/wp-json\/wp\/v2\/pages\/207\/revisions\/559"}],"wp:attachment":[{"href":"https:\/\/gaelscoilshliabhrua.ie\/en\/wp-json\/wp\/v2\/media?parent=207"}],"curies":[{"name":"wp","href":"https:\/\/api.w.org\/{rel}","templated":true}]}}